{"id":20,"date":"2026-02-03T09:55:04","date_gmt":"2026-02-03T09:55:04","guid":{"rendered":"https:\/\/pcfisio.pt\/?page_id=20"},"modified":"2026-03-13T17:10:13","modified_gmt":"2026-03-13T17:10:13","slug":"dicas-de-saude","status":"publish","type":"page","link":"https:\/\/pcfisio.pt\/index.php\/dicas-de-saude\/","title":{"rendered":"Dicas de Sa\u00fade"},"content":{"rendered":"\n<blockquote class=\"wp-block-quote is-layout-flow wp-block-quote-is-layout-flow\">\n<p>Pequenas mudan\u00e7as que fazem grande diferen\u00e7a no seu dia a dia.<\/p>\n<\/blockquote>\n\n\n\n<div style=\"height:100px\" aria-hidden=\"true\" class=\"wp-block-spacer\"><\/div>\n\n\n\n<div class=\"wp-block-group alignfull has-base-2-background-color has-background is-layout-constrained wp-container-core-group-is-layout-669513ed wp-block-group-is-layout-constrained\" style=\"margin-top:0;margin-bottom:0;padding-top:var(--wp--preset--spacing--50);padding-right:var(--wp--preset--spacing--50);padding-bottom:var(--wp--preset--spacing--50);padding-left:var(--wp--preset--spacing--50)\">\n<div class=\"wp-block-group is-vertical is-content-justification-center is-layout-flex wp-container-core-group-is-layout-52b864f0 wp-block-group-is-layout-flex\">\n<h2 class=\"wp-block-heading has-text-align-center is-style-asterisk\">Dicas de Sa\u00fade e Bem-Estar<\/h2>\n\n\n\n<div style=\"height:0px\" aria-hidden=\"true\" class=\"wp-block-spacer wp-container-content-4f2ccadb\"><\/div>\n\n\n\n<p class=\"has-text-align-center has-medium-font-size\">Na PCFisio acreditamos que a preven\u00e7\u00e3o \u00e9 o melhor tratamento. Aqui partilhamos dicas simples e eficazes para melhorar a postura, prevenir les\u00f5es e manter o seu corpo saud\u00e1vel.<\/p>\n<\/div>\n\n\n\n<div style=\"margin-top:0;margin-bottom:0;height:var(--wp--preset--spacing--40)\" aria-hidden=\"true\" class=\"wp-block-spacer\"><\/div>\n\n\n\n<div class=\"wp-block-columns alignwide is-layout-flex wp-container-core-columns-is-layout-d0bbbce0 wp-block-columns-is-layout-flex\">\n<div class=\"wp-block-column is-layout-flow wp-container-core-column-is-layout-e3d1c41b wp-block-column-is-layout-flow\">\n<h3 class=\"wp-block-heading has-text-align-left is-style-asterisk has-body-font-family has-large-font-size\" style=\"font-style:normal;font-weight:600\">                   1- Como melhorar a postura no trabalho<\/h3>\n\n\n\n<p class=\"has-text-align-left\">                         Passar muitas horas sentado pode causar dores lombares e cervicais.<br>                         Ajuste a altura da cadeira, mantenha os p\u00e9s apoiados no ch\u00e3o e o ecr\u00e3 ao n\u00edvel dos olhos.<\/p>\n\n\n\n<p class=\"has-text-align-left\">                         Pequenas corre\u00e7\u00f5es fazem grande diferen\u00e7a.<\/p>\n<\/div>\n<\/div>\n\n\n\n<figure class=\"wp-block-gallery has-nested-images columns-default is-cropped wp-block-gallery-1 is-layout-flex wp-block-gallery-is-layout-flex\">\n<figure class=\"wp-block-image size-large\"><img fetchpriority=\"high\" decoding=\"async\" width=\"1024\" height=\"454\" data-id=\"141\" src=\"https:\/\/pcfisio.pt\/wp-content\/uploads\/2026\/03\/image-1-1024x454.png\" alt=\"\" class=\"wp-image-141\" srcset=\"https:\/\/pcfisio.pt\/wp-content\/uploads\/2026\/03\/image-1-1024x454.png 1024w, https:\/\/pcfisio.pt\/wp-content\/uploads\/2026\/03\/image-1-300x133.png 300w, https:\/\/pcfisio.pt\/wp-content\/uploads\/2026\/03\/image-1-768x340.png 768w, https:\/\/pcfisio.pt\/wp-content\/uploads\/2026\/03\/image-1-1536x680.png 1536w, https:\/\/pcfisio.pt\/wp-content\/uploads\/2026\/03\/image-1-2048x907.png 2048w\" sizes=\"(max-width: 1024px) 100vw, 1024px\" \/><\/figure>\n\n\n\n<figure class=\"wp-block-image size-large\"><img decoding=\"async\" width=\"1024\" height=\"306\" data-id=\"142\" src=\"https:\/\/pcfisio.pt\/wp-content\/uploads\/2026\/03\/image-2.png\" alt=\"\" class=\"wp-image-142\" srcset=\"https:\/\/pcfisio.pt\/wp-content\/uploads\/2026\/03\/image-2.png 1024w, https:\/\/pcfisio.pt\/wp-content\/uploads\/2026\/03\/image-2-300x90.png 300w, https:\/\/pcfisio.pt\/wp-content\/uploads\/2026\/03\/image-2-768x230.png 768w\" sizes=\"(max-width: 1024px) 100vw, 1024px\" \/><\/figure>\n<\/figure>\n\n\n\n<div style=\"height:var(--wp--preset--spacing--20)\" aria-hidden=\"true\" class=\"wp-block-spacer\"><\/div>\n\n\n\n<div class=\"wp-block-columns alignwide is-layout-flex wp-container-core-columns-is-layout-d0bbbce0 wp-block-columns-is-layout-flex\">\n<div class=\"wp-block-column is-layout-flow wp-container-core-column-is-layout-e3d1c41b wp-block-column-is-layout-flow\">\n<h3 class=\"wp-block-heading\">                   2- Alongamentos simples para aliviar dores nas costas<\/h3>\n\n\n\n<div style=\"height:19px\" aria-hidden=\"true\" class=\"wp-block-spacer\"><\/div>\n\n\n\n<p class=\"has-text-align-left\">                          Pequenos alongamentos di\u00e1rios ajudam a reduzir a tens\u00e3o muscular, melhorar a mobilidade e prevenir les\u00f5es.<\/p>\n\n\n\n<p class=\"has-text-align-left\">                          Estes exerc\u00edcios podem ser feitos em casa ou no trabalho.<\/p>\n\n\n\n<figure class=\"wp-block-gallery has-nested-images columns-default is-cropped wp-block-gallery-2 is-layout-flex wp-block-gallery-is-layout-flex\">\n<figure class=\"wp-block-image size-large\"><img decoding=\"async\" width=\"1024\" height=\"576\" data-id=\"148\" src=\"https:\/\/pcfisio.pt\/wp-content\/uploads\/2026\/03\/image-4-1024x576.png\" alt=\"\" class=\"wp-image-148\" srcset=\"https:\/\/pcfisio.pt\/wp-content\/uploads\/2026\/03\/image-4-1024x576.png 1024w, https:\/\/pcfisio.pt\/wp-content\/uploads\/2026\/03\/image-4-300x169.png 300w, https:\/\/pcfisio.pt\/wp-content\/uploads\/2026\/03\/image-4-768x432.png 768w, https:\/\/pcfisio.pt\/wp-content\/uploads\/2026\/03\/image-4.png 1280w\" sizes=\"(max-width: 1024px) 100vw, 1024px\" \/><\/figure>\n\n\n\n<figure class=\"wp-block-image size-large\"><img loading=\"lazy\" decoding=\"async\" width=\"1024\" height=\"681\" data-id=\"149\" src=\"https:\/\/pcfisio.pt\/wp-content\/uploads\/2026\/03\/image-5-1024x681.png\" alt=\"\" class=\"wp-image-149\" srcset=\"https:\/\/pcfisio.pt\/wp-content\/uploads\/2026\/03\/image-5-1024x681.png 1024w, https:\/\/pcfisio.pt\/wp-content\/uploads\/2026\/03\/image-5-300x199.png 300w, https:\/\/pcfisio.pt\/wp-content\/uploads\/2026\/03\/image-5-768x510.png 768w, https:\/\/pcfisio.pt\/wp-content\/uploads\/2026\/03\/image-5.png 1330w\" sizes=\"(max-width: 1024px) 100vw, 1024px\" \/><\/figure>\n<\/figure>\n<\/div>\n<\/div>\n\n\n\n<p><\/p>\n\n\n\n<h3 class=\"wp-block-heading has-text-align-left\">3-  Como levantar pesos corretamente<\/h3>\n\n\n\n<p>Levantar objetos de forma incorreta \u00e9 uma das principais causas de dor lombar.<\/p>\n\n\n\n<figure class=\"wp-block-gallery has-nested-images columns-default is-cropped wp-block-gallery-3 is-layout-flex wp-block-gallery-is-layout-flex\">\n<figure class=\"wp-block-image size-large\"><img loading=\"lazy\" decoding=\"async\" width=\"460\" height=\"300\" data-id=\"151\" src=\"https:\/\/pcfisio.pt\/wp-content\/uploads\/2026\/03\/image-6.png\" alt=\"\" class=\"wp-image-151\" srcset=\"https:\/\/pcfisio.pt\/wp-content\/uploads\/2026\/03\/image-6.png 460w, https:\/\/pcfisio.pt\/wp-content\/uploads\/2026\/03\/image-6-300x196.png 300w\" sizes=\"(max-width: 460px) 100vw, 460px\" \/><\/figure>\n\n\n\n<figure class=\"wp-block-image size-large\"><img loading=\"lazy\" decoding=\"async\" width=\"1024\" height=\"576\" data-id=\"152\" src=\"https:\/\/pcfisio.pt\/wp-content\/uploads\/2026\/03\/image-7-1024x576.png\" alt=\"\" class=\"wp-image-152\" srcset=\"https:\/\/pcfisio.pt\/wp-content\/uploads\/2026\/03\/image-7-1024x576.png 1024w, https:\/\/pcfisio.pt\/wp-content\/uploads\/2026\/03\/image-7-300x169.png 300w, https:\/\/pcfisio.pt\/wp-content\/uploads\/2026\/03\/image-7-768x432.png 768w, https:\/\/pcfisio.pt\/wp-content\/uploads\/2026\/03\/image-7.png 1280w\" sizes=\"(max-width: 1024px) 100vw, 1024px\" \/><\/figure>\n<\/figure>\n\n\n\n<h3 class=\"wp-block-heading\">T\u00e9cnica correta:<\/h3>\n\n\n\n<ul class=\"wp-block-list\">\n<li>Aproxime-se do objeto<\/li>\n\n\n\n<li>Dobre os joelhos (n\u00e3o as costas)<\/li>\n\n\n\n<li>Mantenha a coluna direita<\/li>\n\n\n\n<li>Use a for\u00e7a das pernas<\/li>\n\n\n\n<li>Evite rodar o tronco enquanto segura peso<\/li>\n<\/ul>\n\n\n\n<p><\/p>\n<\/div>\n\n\n\n<div class=\"wp-block-group alignfull is-layout-constrained wp-container-core-group-is-layout-d89aad35 wp-block-group-is-layout-constrained\" style=\"margin-top:0;margin-bottom:0;padding-top:var(--wp--preset--spacing--50);padding-right:var(--wp--preset--spacing--50);padding-bottom:var(--wp--preset--spacing--50);padding-left:var(--wp--preset--spacing--50)\">\n<h2 class=\"wp-block-heading alignwide has-x-large-font-size\" style=\"margin-top:0;margin-bottom:var(--wp--preset--spacing--40);line-height:1\">Est\u00e1 com dores ou desconforto?<\/h2>\n\n\n\n<h4 class=\"wp-block-heading\">Na PCFisio ajudamos a recuperar a sua mobilidade e qualidade de vida.<\/h4>\n\n\n\n<p>\ud83d\udcde Marque j\u00e1 a sua avalia\u00e7\u00e3o<br>\ud83d\udccd Atendimento personalizado<br>\ud83d\udcc5 Agendamento simples e r\u00e1pido<\/p>\n<\/div>\n\n\n\n<div class=\"wp-block-group alignfull is-layout-constrained wp-container-core-group-is-layout-d89aad35 wp-block-group-is-layout-constrained\" style=\"margin-top:0;margin-bottom:0;padding-top:var(--wp--preset--spacing--50);padding-right:var(--wp--preset--spacing--50);padding-bottom:var(--wp--preset--spacing--50);padding-left:var(--wp--preset--spacing--50)\">\n<div class=\"wp-block-group alignwide has-base-2-background-color has-background is-layout-constrained wp-container-core-group-is-layout-39412042 wp-block-group-is-layout-constrained\" style=\"border-radius:16px;padding-top:var(--wp--preset--spacing--40);padding-right:var(--wp--preset--spacing--50);padding-bottom:var(--wp--preset--spacing--40);padding-left:var(--wp--preset--spacing--50)\">\n<div style=\"height:var(--wp--preset--spacing--10)\" aria-hidden=\"true\" class=\"wp-block-spacer\"><\/div>\n\n\n\n<div style=\"height:var(--wp--preset--spacing--10)\" aria-hidden=\"true\" class=\"wp-block-spacer\"><\/div>\n<\/div>\n<\/div>\n","protected":false},"excerpt":{"rendered":"<p>Pequenas mudan\u00e7as que fazem grande diferen\u00e7a no seu dia a dia. Dicas de Sa\u00fade e Bem-Estar Na PCFisio acreditamos que a preven\u00e7\u00e3o \u00e9 o melhor tratamento. Aqui partilhamos dicas simples e eficazes para melhorar a postura, prevenir les\u00f5es e manter o seu corpo saud\u00e1vel. 1- Como melhorar a postura no trabalho Passar muitas horas sentado [&hellip;]<\/p>\n","protected":false},"author":1,"featured_media":0,"parent":0,"menu_order":0,"comment_status":"closed","ping_status":"closed","template":"","meta":{"footnotes":""},"class_list":["post-20","page","type-page","status-publish","hentry"],"_links":{"self":[{"href":"https:\/\/pcfisio.pt\/index.php\/wp-json\/wp\/v2\/pages\/20","targetHints":{"allow":["GET"]}}],"collection":[{"href":"https:\/\/pcfisio.pt\/index.php\/wp-json\/wp\/v2\/pages"}],"about":[{"href":"https:\/\/pcfisio.pt\/index.php\/wp-json\/wp\/v2\/types\/page"}],"author":[{"embeddable":true,"href":"https:\/\/pcfisio.pt\/index.php\/wp-json\/wp\/v2\/users\/1"}],"replies":[{"embeddable":true,"href":"https:\/\/pcfisio.pt\/index.php\/wp-json\/wp\/v2\/comments?post=20"}],"version-history":[{"count":9,"href":"https:\/\/pcfisio.pt\/index.php\/wp-json\/wp\/v2\/pages\/20\/revisions"}],"predecessor-version":[{"id":216,"href":"https:\/\/pcfisio.pt\/index.php\/wp-json\/wp\/v2\/pages\/20\/revisions\/216"}],"wp:attachment":[{"href":"https:\/\/pcfisio.pt\/index.php\/wp-json\/wp\/v2\/media?parent=20"}],"curies":[{"name":"wp","href":"https:\/\/api.w.org\/{rel}","templated":true}]}}