{"id":53,"date":"2026-03-10T16:47:50","date_gmt":"2026-03-10T16:47:50","guid":{"rendered":"https:\/\/pcfisio.pt\/?page_id=53"},"modified":"2026-03-10T17:22:07","modified_gmt":"2026-03-10T17:22:07","slug":"sobre-nos","status":"publish","type":"page","link":"https:\/\/pcfisio.pt\/index.php\/sobre-nos\/","title":{"rendered":"Sobre N\u00f3s"},"content":{"rendered":"\n<p>A <strong>PCFisio<\/strong> \u00e9 um espa\u00e7o dedicado \u00e0 promo\u00e7\u00e3o da sa\u00fade, preven\u00e7\u00e3o de les\u00f5es e recupera\u00e7\u00e3o funcional. O nosso objetivo \u00e9 ajudar cada pessoa a melhorar a sua qualidade de vida atrav\u00e9s de tratamentos personalizados, baseados nas melhores pr\u00e1ticas da fisioterapia.<\/p>\n\n\n\n<div class=\"wp-block-group is-nowrap is-layout-flex wp-container-core-group-is-layout-6c531013 wp-block-group-is-layout-flex\">\n<p>Fundada por <strong>Paula Carvalho<\/strong>, fisioterapeuta licenciado pela Instituto Polit\u00e9cnico do Porto \u2013 Escola Superior de Sa\u00fade, a PCFisio nasceu com a miss\u00e3o de oferecer um acompanhamento profissional, pr\u00f3ximo e adaptado \u00e0s necessidades de cada paciente.<\/p>\n\n\n\n<figure class=\"wp-block-image size-full wp-duotone-unset-1\"><img fetchpriority=\"high\" decoding=\"async\" width=\"449\" height=\"446\" src=\"https:\/\/pcfisio.pt\/wp-content\/uploads\/2026\/03\/image-18.png\" alt=\"\" class=\"wp-image-198\" srcset=\"https:\/\/pcfisio.pt\/wp-content\/uploads\/2026\/03\/image-18.png 449w, https:\/\/pcfisio.pt\/wp-content\/uploads\/2026\/03\/image-18-300x298.png 300w, https:\/\/pcfisio.pt\/wp-content\/uploads\/2026\/03\/image-18-150x150.png 150w\" sizes=\"(max-width: 449px) 100vw, 449px\" \/><\/figure>\n<\/div>\n\n\n\n<p><\/p>\n\n\n\n<p>Acreditamos que cada pessoa \u00e9 \u00fanica, por isso trabalhamos para oferecer tratamentos eficazes que permitam recuperar movimento, reduzir a dor e melhorar o bem-estar.<\/p>\n","protected":false},"excerpt":{"rendered":"<p>A PCFisio \u00e9 um espa\u00e7o dedicado \u00e0 promo\u00e7\u00e3o da sa\u00fade, preven\u00e7\u00e3o de les\u00f5es e recupera\u00e7\u00e3o funcional. O nosso objetivo \u00e9 ajudar cada pessoa a melhorar a sua qualidade de vida atrav\u00e9s de tratamentos personalizados, baseados nas melhores pr\u00e1ticas da fisioterapia. Fundada por Paula Carvalho, fisioterapeuta licenciado pela Instituto Polit\u00e9cnico do Porto \u2013 Escola Superior de [&hellip;]<\/p>\n","protected":false},"author":1,"featured_media":0,"parent":0,"menu_order":0,"comment_status":"closed","ping_status":"closed","template":"","meta":{"footnotes":""},"class_list":["post-53","page","type-page","status-publish","hentry"],"_links":{"self":[{"href":"https:\/\/pcfisio.pt\/index.php\/wp-json\/wp\/v2\/pages\/53","targetHints":{"allow":["GET"]}}],"collection":[{"href":"https:\/\/pcfisio.pt\/index.php\/wp-json\/wp\/v2\/pages"}],"about":[{"href":"https:\/\/pcfisio.pt\/index.php\/wp-json\/wp\/v2\/types\/page"}],"author":[{"embeddable":true,"href":"https:\/\/pcfisio.pt\/index.php\/wp-json\/wp\/v2\/users\/1"}],"replies":[{"embeddable":true,"href":"https:\/\/pcfisio.pt\/index.php\/wp-json\/wp\/v2\/comments?post=53"}],"version-history":[{"count":3,"href":"https:\/\/pcfisio.pt\/index.php\/wp-json\/wp\/v2\/pages\/53\/revisions"}],"predecessor-version":[{"id":200,"href":"https:\/\/pcfisio.pt\/index.php\/wp-json\/wp\/v2\/pages\/53\/revisions\/200"}],"wp:attachment":[{"href":"https:\/\/pcfisio.pt\/index.php\/wp-json\/wp\/v2\/media?parent=53"}],"curies":[{"name":"wp","href":"https:\/\/api.w.org\/{rel}","templated":true}]}}